{"id":52,"date":"2018-06-21T18:16:46","date_gmt":"2018-06-21T16:16:46","guid":{"rendered":"http:\/\/flex-now.de\/rb\/?page_id=52"},"modified":"2020-04-29T23:42:47","modified_gmt":"2020-04-29T21:42:47","slug":"unsere-leistungen","status":"publish","type":"page","link":"http:\/\/flex-now.de\/rb\/unsere-leistungen\/","title":{"rendered":"Unsere Leistungen"},"content":{"rendered":"<p>[et_pb_section fb_built=&#8220;1&#8243; _builder_version=&#8220;4.4.4&#8243; background_color=&#8220;#212121&#8243; min_height_tablet=&#8220;&#8220; min_height_phone=&#8220;14px&#8220; min_height_last_edited=&#8220;on|desktop&#8220; height=&#8220;35px&#8220; height_tablet=&#8220;&#8220; height_phone=&#8220;14px&#8220; height_last_edited=&#8220;on|phone&#8220; custom_padding=&#8220;0px||0px||false|false&#8220; custom_css_main_element=&#8220;display: flex;||flex-direction: column;||justify-content: center;&#8220;][et_pb_row make_equal=&#8220;on&#8220; _builder_version=&#8220;4.4.4&#8243; max_width=&#8220;2000px&#8220; height=&#8220;35px&#8220; custom_margin=&#8220;0px|auto|0px|auto|false|false&#8220; custom_padding=&#8220;0px||0px||false|false&#8220; custom_css_main_element=&#8220;display: flex;||flex-direction: column;||justify-content: center;&#8220;][et_pb_column type=&#8220;4_4&#8243; _builder_version=&#8220;4.4.4&#8243;][et_pb_text _builder_version=&#8220;4.4.4&#8243; text_font=&#8220;|600|||||||&#8220; text_text_color=&#8220;#ffffff&#8220; text_font_size=&#8220;16px&#8220; custom_margin=&#8220;||||false|false&#8220; custom_css_main_element=&#8220;display: flex;||flex-direction: column;||justify-content: center;&#8220;]<\/p>\n<p>Startseite \/ Unsere Leistungen<\/p>\n<p>[\/et_pb_text][\/et_pb_column][\/et_pb_row][\/et_pb_section][et_pb_section fb_built=&#8220;1&#8243; _builder_version=&#8220;3.22&#8243;][et_pb_row column_structure=&#8220;1_4,3_4&#8243; module_class=&#8220; et_pb_row_fullwidth&#8220; _builder_version=&#8220;3.25&#8243; width=&#8220;89%&#8220; width_tablet=&#8220;80%&#8220; width_phone=&#8220;&#8220; width_last_edited=&#8220;on|desktop&#8220; max_width=&#8220;89%&#8220; max_width_tablet=&#8220;80%&#8220; max_width_phone=&#8220;&#8220; max_width_last_edited=&#8220;on|desktop&#8220; make_fullwidth=&#8220;on&#8220;][et_pb_column type=&#8220;1_4&#8243; _builder_version=&#8220;3.25&#8243; custom_padding=&#8220;|||&#8220; custom_padding__hover=&#8220;|||&#8220;][\/et_pb_column][et_pb_column type=&#8220;3_4&#8243; _builder_version=&#8220;3.25&#8243; custom_padding=&#8220;|||&#8220; custom_padding__hover=&#8220;|||&#8220;][et_pb_text _builder_version=&#8220;3.27.4&#8243; header_font=&#8220;||||||||&#8220; header_font_size=&#8220;40px&#8220;]<\/p>\n<h1><strong>Unsere Leistungen\u00a0<\/strong><\/h1>\n<p>[\/et_pb_text][\/et_pb_column][\/et_pb_row][et_pb_row column_structure=&#8220;1_4,3_4&#8243; use_custom_gutter=&#8220;on&#8220; module_class=&#8220; et_pb_row_fullwidth&#8220; _builder_version=&#8220;3.25&#8243; width=&#8220;89%&#8220; width_tablet=&#8220;80%&#8220; width_phone=&#8220;&#8220; width_last_edited=&#8220;on|desktop&#8220; max_width=&#8220;89%&#8220; max_width_tablet=&#8220;80%&#8220; max_width_phone=&#8220;&#8220; max_width_last_edited=&#8220;on|desktop&#8220; make_fullwidth=&#8220;on&#8220;][et_pb_column type=&#8220;1_4&#8243; _builder_version=&#8220;3.25&#8243; custom_padding=&#8220;|||&#8220; custom_padding__hover=&#8220;|||&#8220;][et_pb_button button_text=&#8220;NAVIGATION&#8220; _builder_version=&#8220;3.16&#8243; custom_button=&#8220;on&#8220; button_text_color=&#8220;#ffffff&#8220; button_bg_color=&#8220;#1e1e1e&#8220; button_border_width=&#8220;0px&#8220; button_border_radius=&#8220;0px&#8220; button_font=&#8220;|700|||||||&#8220; button_use_icon=&#8220;off&#8220; background_layout=&#8220;dark&#8220; custom_margin=&#8220;-100px|||&#8220; button_border_radius_hover=&#8220;0px&#8220; button_text_size__hover_enabled=&#8220;off&#8220; button_one_text_size__hover_enabled=&#8220;off&#8220; button_two_text_size__hover_enabled=&#8220;off&#8220; button_text_color__hover_enabled=&#8220;off&#8220; button_one_text_color__hover_enabled=&#8220;off&#8220; button_two_text_color__hover_enabled=&#8220;off&#8220; button_border_width__hover_enabled=&#8220;off&#8220; button_one_border_width__hover_enabled=&#8220;off&#8220; button_two_border_width__hover_enabled=&#8220;off&#8220; button_border_color__hover_enabled=&#8220;off&#8220; button_one_border_color__hover_enabled=&#8220;off&#8220; button_two_border_color__hover_enabled=&#8220;off&#8220; button_border_radius__hover_enabled=&#8220;on&#8220; button_border_radius__hover=&#8220;0px&#8220; button_one_border_radius__hover_enabled=&#8220;off&#8220; button_two_border_radius__hover_enabled=&#8220;off&#8220; button_letter_spacing__hover_enabled=&#8220;off&#8220; button_one_letter_spacing__hover_enabled=&#8220;off&#8220; button_two_letter_spacing__hover_enabled=&#8220;off&#8220; button_bg_color__hover_enabled=&#8220;off&#8220; button_one_bg_color__hover_enabled=&#8220;off&#8220; button_two_bg_color__hover_enabled=&#8220;off&#8220;][\/et_pb_button][et_pb_sidebar area=&#8220;et_pb_widget_area_2&#8243; _builder_version=&#8220;3.8&#8243; header_font=&#8220;||||||||&#8220; body_font=&#8220;||||||||&#8220; body_text_color=&#8220;#1e1e1e&#8220; body_font_size=&#8220;18px&#8220; body_line_height=&#8220;1.9em&#8220;][\/et_pb_sidebar][et_pb_sidebar area=&#8220;sidebar-2&#8243; _builder_version=&#8220;3.8&#8243; header_font=&#8220;||||||||&#8220; body_font=&#8220;||||||||&#8220; body_text_color=&#8220;#1e1e1e&#8220; body_font_size=&#8220;18px&#8220; body_line_height=&#8220;1.9em&#8220;][\/et_pb_sidebar][\/et_pb_column][et_pb_column type=&#8220;3_4&#8243; _builder_version=&#8220;3.25&#8243; custom_padding=&#8220;|||&#8220; custom_padding__hover=&#8220;|||&#8220;][et_pb_text _builder_version=&#8220;3.27.4&#8243; text_font=&#8220;||||||||&#8220; text_text_color=&#8220;#1e1e1e&#8220; text_font_size=&#8220;19px&#8220; text_line_height=&#8220;1.8em&#8220; header_font=&#8220;||||||||&#8220;]<\/p>\n<div class=\"row contentWidthQ\">\n<div class=\"containerQ\">\n<div class=\"col-xs-12 col-sm-12 col-md-12 col-lg-12\">\n<header>\n<div class=\"row contentWidthQ\">\n<div class=\"containerQ\">\n<div class=\"col-xs-12 col-sm-12 col-md-12 col-lg-12\">\n<p class=\"lead\">Als Ihr Handwerk und Handel f\u00fcr Heizung, Sanit\u00e4r und Fliesen bieten wir Ihnen neben 3D Badplanung auch kaufm\u00e4nnische Dienstleistungen f\u00fcr Handwerksbetriebe.<\/p>\n<h2 class=\"lead\"><strong><br \/>Dienstleister f\u00fcr Handwerksbetriebe<\/strong><\/h2>\n<\/div>\n<\/div>\n<\/div>\n<\/header>\n<section>\n<div class=\"row contentWidthQ\">\n<div class=\"containerQ\">\n<div class=\"col-xs-12 col-sm-12 col-md-12 col-lg-12\">\n<p>Sie sehen Ihre Kernkompetenz in der Montage und Installation oder finden aufgrund Ihrer guten Auftragslage kaum Zeit f\u00fcr Kundengespr\u00e4che, wollen Ihren Kunden aber dennoch eine erstklassige Umsetzung Ihrer W\u00fcnsche zukommen lassen? Mit Ruhrbad erm\u00f6glichen Sie Ihren Kunden beides: Beratung und Planung sowie Umsetzung in h\u00f6chster Qualit\u00e4t.<\/p>\n<p>Neben der Planung und Beratung \u00fcbernehmen wir auch gern die Angebotserstellung sowie den Wareneinkauf f\u00fcr Sie, damit Sie sich ganz auf die Sanit\u00e4r- und Heizungsinstallation konzentrieren k\u00f6nnen.<\/p>\n<\/div>\n<\/div>\n<\/div>\n<\/section>\n<section>\n<div class=\"row contentWidthQ\">\n<div class=\"containerQ\">\n<div class=\"col-xs-12 col-sm-12 col-md-12 col-lg-12\">\n<h2><strong><br \/>Ansprechpartner f\u00fcr Bauherren<\/strong><\/h2>\n<\/div>\n<div class=\"col-xs-12 col-sm-12 col-md-12 col-lg-12\">\n<p>F\u00fcr Ihren Neubau, Umbau oder eine Renovierung suchen Sie einen kompetenten Ansprechpartner, der alles f\u00fcr Sie regelt, sich mit den Handwerkern abstimmt und die Koordination der einzelnen Gewerke \u00fcbernimmt. Dieser Ansprechpartner ist Ruhrbad.<\/p>\n<p>Wir beraten Sie zu Ihrem Projekt und planen gemeinsam mit Ihnen, wie sich Ihre Vorstellungen umsetzen lassen. Bei allen Fragen haben Sie nur einen Ansprechpartner: Ruhrbad. Wir koordinieren die Handwerker und sind f\u00fcr Sie immer erreichbar.<\/p>\n<\/div>\n<\/div>\n<\/div>\n<\/section>\n<section>\n<div class=\"row contentWidthQ\">\n<div class=\"containerQ\">\n<div class=\"col-xs-12 col-sm-12 col-md-12 col-lg-12\">\n<h2><strong><br \/>Moderne 3D-Badplanung<\/strong><\/h2>\n<\/div>\n<div class=\"col-xs-12 col-sm-12 col-md-12 col-lg-12\">\n<p>Damit Sie sich Ihr neues Badezimmer gleich richtig vorstellen k\u00f6nnen, arbeiten wir mit einer hochaufl\u00f6senden 3D-Badplanungs-Software. Durch diese moderne Software k\u00f6nnen Sie Ihr Wunschbad schon vor Beginn der Handwerksarbeiten mit der von Ihnen gew\u00fcnschten Austattung best\u00fccken und sehen, wie es sp\u00e4ter aussehen wird.<\/p>\n<\/div>\n<\/div>\n<\/div>\n<div class=\"row contentWidthQ\">\n<div class=\"containerQ\">\n<div class=\"col-xs-12 col-sm-12 col-md-12 col-lg-12\">\n<h2><strong><br \/>Kaufm\u00e4nnische Dienstleistungen im Handwerksbereich<\/strong><\/h2>\n<\/div>\n<div class=\"col-xs-12 col-sm-12 col-md-12 col-lg-12\">\n<p>Gro\u00dfe Unternehmen k\u00f6nnen durch Outsourcing effektiv kalkulieren, kleine Startups durch uns eine B\u00fcrokraft sparen: \u00dcberlassen Sie uns kaufm\u00e4nnische Dienstleistungen wie die Angebotserstellung, den Materialeinkauf oder die Koordination der Eins\u00e4tze.<\/p>\n<\/div>\n<\/div>\n<\/div>\n<div class=\"row contentWidthQ\">\n<div class=\"containerQ\">\n<div class=\"col-xs-12 col-sm-12 col-md-12 col-lg-12\">\n<h2><strong><br \/>Handel f\u00fcr Sanit\u00e4r, Heizung und Fliesen<\/strong><\/h2>\n<\/div>\n<div class=\"col-xs-12 col-sm-12 col-md-12 col-lg-12\">\n<p>Sowohl Handwerker als auch private Endkunden k\u00f6nnen bei uns alle notwendigen Arbeitsmaterialien einkaufen. Als Handel f\u00fcr Sanit\u00e4r, Heizung und Fliesen verf\u00fcgen wir \u00fcber ein umfangreiches Angebot.<\/p>\n<\/div>\n<\/div>\n<\/div>\n<\/section>\n<p>&nbsp;<\/p>\n<\/div>\n<\/div>\n<\/div>\n<p>[\/et_pb_text][\/et_pb_column][\/et_pb_row][\/et_pb_section][et_pb_section fb_built=&#8220;1&#8243; admin_label=&#8220;Our Works CTA Section&#8220; _builder_version=&#8220;3.22&#8243; background_color=&#8220;#1a1a1a&#8220; custom_padding=&#8220;0px|0px|0px|0px&#8220;][et_pb_row column_structure=&#8220;1_2,1_2&#8243; admin_label=&#8220;CTA Row&#8220; _builder_version=&#8220;3.25&#8243; width=&#8220;100%&#8220; max_width=&#8220;100%&#8220; custom_margin=&#8220;|||&#8220; custom_padding=&#8220;0px|0px|0px|0px&#8220; use_custom_width=&#8220;on&#8220; width_unit=&#8220;off&#8220; custom_width_percent=&#8220;100%&#8220;][et_pb_column type=&#8220;1_2&#8243; _builder_version=&#8220;3.25&#8243; custom_padding=&#8220;|||&#8220; custom_padding__hover=&#8220;|||&#8220;][et_pb_image src=&#8220;http:\/\/flex-now.de\/rb\/wp-content\/uploads\/2018\/06\/Slider2.png&#8220; force_fullwidth=&#8220;on&#8220; align_tablet=&#8220;center&#8220; align_phone=&#8220;&#8220; align_last_edited=&#8220;on|desktop&#8220; _builder_version=&#8220;3.23&#8243;][\/et_pb_image][\/et_pb_column][et_pb_column type=&#8220;1_2&#8243; _builder_version=&#8220;3.25&#8243; custom_padding=&#8220;100px|60px|100px|&#8220; custom_padding_tablet=&#8220;|||60px&#8220; custom_padding_phone=&#8220;&#8220; custom_padding_last_edited=&#8220;on|desktop&#8220; padding_tablet=&#8220;|||60px&#8220; padding_last_edited=&#8220;on|desktop&#8220; custom_padding__hover=&#8220;|||&#8220;][et_pb_cta title=&#8220;Komplettl\u00f6sung&#8220; button_url=&#8220;#top&#8220; button_text=&#8220;Unser Service&#8220; _builder_version=&#8220;4.4.4&#8243; header_font=&#8220;Muli|700|||||||&#8220; header_text_color=&#8220;#ffffff&#8220; header_font_size=&#8220;47px&#8220; header_line_height=&#8220;1.4em&#8220; body_font=&#8220;Muli|600|||||||&#8220; body_text_align=&#8220;left&#8220; body_text_color=&#8220;rgba(255,255,255,0.55)&#8220; body_font_size=&#8220;18px&#8220; body_line_height=&#8220;1.8em&#8220; use_background_color=&#8220;off&#8220; custom_button=&#8220;on&#8220; button_text_size=&#8220;16px&#8220; button_text_color=&#8220;#000000&#8243; button_bg_color=&#8220;#ffffff&#8220; button_border_width=&#8220;10px&#8220; button_border_color=&#8220;#ffffff&#8220; button_border_radius=&#8220;0px&#8220; button_font=&#8220;Muli|700|||||||&#8220; max_width=&#8220;600px&#8220; max_width_tablet=&#8220;&#8220; max_width_phone=&#8220;&#8220; max_width_last_edited=&#8220;on|desktop&#8220; module_alignment=&#8220;left&#8220; custom_margin=&#8220;|||&#8220; custom_margin_tablet=&#8220;|||&#8220; custom_margin_phone=&#8220;|||&#8220; custom_margin_last_edited=&#8220;off|desktop&#8220; custom_padding=&#8220;|||&#8220; custom_padding_tablet=&#8220;|||&#8220; custom_padding_phone=&#8220;|||&#8220; custom_padding_last_edited=&#8220;off|desktop&#8220; hover_enabled=&#8220;0&#8243; header_font_size_tablet=&#8220;&#8220; header_font_size_phone=&#8220;31px&#8220; header_font_size_last_edited=&#8220;on|desktop&#8220; button_border_radius_hover=&#8220;0px&#8220; button_text_size__hover_enabled=&#8220;off&#8220; button_one_text_size__hover_enabled=&#8220;off&#8220; button_two_text_size__hover_enabled=&#8220;off&#8220; button_text_color__hover_enabled=&#8220;off&#8220; button_one_text_color__hover_enabled=&#8220;off&#8220; button_two_text_color__hover_enabled=&#8220;off&#8220; button_border_width__hover_enabled=&#8220;off&#8220; button_one_border_width__hover_enabled=&#8220;off&#8220; button_two_border_width__hover_enabled=&#8220;off&#8220; button_border_color__hover_enabled=&#8220;off&#8220; button_one_border_color__hover_enabled=&#8220;off&#8220; button_two_border_color__hover_enabled=&#8220;off&#8220; button_border_radius__hover_enabled=&#8220;on&#8220; button_border_radius__hover=&#8220;0px&#8220; button_one_border_radius__hover_enabled=&#8220;off&#8220; button_two_border_radius__hover_enabled=&#8220;off&#8220; button_letter_spacing__hover_enabled=&#8220;off&#8220; button_one_letter_spacing__hover_enabled=&#8220;off&#8220; button_two_letter_spacing__hover_enabled=&#8220;off&#8220; button_bg_color__hover_enabled=&#8220;off&#8220; button_one_bg_color__hover_enabled=&#8220;off&#8220; button_two_bg_color__hover_enabled=&#8220;off&#8220; header_text_align=&#8220;left&#8220; button_bg_enable_color=&#8220;on&#8220; button_icon=&#8220;%%20%%&#8220; button_alignment=&#8220;left&#8220;]<\/p>\n<p><span>Die Ruhrbad GmbH aus Oer-Erkenschwick ist Handwerker, Dienstleister f\u00fcr Handwerker und private Auftraggeber bei Planung, Einkauf und Koordination in Projekten der Sanit\u00e4r- und Heizungsinstallation. Ruhrbad fungiert dabei als Bindeglied zwischen Gro\u00dfhandel, Handwerker und Auftraggeber.<\/span><\/p>\n<p>[\/et_pb_cta][\/et_pb_column][\/et_pb_row][\/et_pb_section][et_pb_section fb_built=&#8220;1&#8243; _builder_version=&#8220;3.8&#8243; custom_padding=&#8220;13px||13px|||&#8220; global_module=&#8220;320&#8243; saved_tabs=&#8220;all&#8220;][et_pb_row column_structure=&#8220;1_2,1_2&#8243; _builder_version=&#8220;4.4.4&#8243; width=&#8220;90%&#8220; max_width=&#8220;1180px&#8220; module_alignment=&#8220;center&#8220;][et_pb_column type=&#8220;1_2&#8243; _builder_version=&#8220;3.25&#8243; custom_padding=&#8220;|||&#8220; custom_padding__hover=&#8220;|||&#8220;][et_pb_blurb _builder_version=&#8220;4.4.4&#8243; header_font=&#8220;||||||||&#8220; body_font=&#8220;||||||||&#8220; body_text_color=&#8220;#1e1e1e&#8220; body_font_size=&#8220;18px&#8220; custom_margin=&#8220;48px|||||&#8220; custom_css_blurb_image=&#8220;float: left;||&#8220;]<\/p>\n<div class=\"teaserTextQ\">\n<p><strong><span>Ruhrbad <\/span><\/strong>ist Ihr<strong><span> Ansprechpartner <\/span><\/strong>f\u00fcr die<strong><span> Planung \u00a0<\/span><\/strong>und handwerkliche<strong><span> Ausf\u00fchrung Ihrer Projekte <\/span><\/strong>im Bereich<strong><span> Sanit\u00e4r, Heizung <\/span><\/strong>und<strong><span> Fliesen.<\/span><\/strong><\/p>\n<p><span style=\"font-size: 18px;\"><span><strong>Als Endkunde<\/strong> suchen Sie einen <strong>einzigen Ansprechpartner<\/strong> f\u00fcr <strong>Ihr Projekt<\/strong>. Das ist <strong>Ruhrbad<\/strong> f\u00fcr Sie<\/span>Wir sorgen f\u00fcr die exakte Planung, saubere Kommunikation und einwandfreie Umsetzung zu Ihrer vollsten Zufriedenheit.<\/span><\/p>\n<\/div>\n<p>[\/et_pb_blurb][et_pb_button button_url=&#8220;http:\/\/flex-now.de\/rb\/unsere-leistungen\/&#8220; button_text=&#8220;MEHR ERFAHREN &#8220; button_alignment=&#8220;center&#8220; _builder_version=&#8220;3.16&#8243; custom_button=&#8220;on&#8220; button_text_size=&#8220;18px&#8220; button_text_color=&#8220;#ffffff&#8220; button_bg_color=&#8220;#1e1e1e&#8220; button_border_width=&#8220;0px&#8220; button_border_radius=&#8220;0px&#8220; button_font=&#8220;||||||||&#8220; button_icon_color=&#8220;#ffffff&#8220; background_layout=&#8220;dark&#8220; custom_margin=&#8220;52px|||||&#8220; custom_padding=&#8220;|||&#8220; custom_css_main_element=&#8220;width: 100%&#8220; button_border_radius_hover=&#8220;0px&#8220; button_letter_spacing_hover=&#8220;0px&#8220; button_text_size__hover_enabled=&#8220;off&#8220; button_one_text_size__hover_enabled=&#8220;off&#8220; button_two_text_size__hover_enabled=&#8220;off&#8220; button_text_color__hover_enabled=&#8220;off&#8220; button_one_text_color__hover_enabled=&#8220;off&#8220; button_two_text_color__hover_enabled=&#8220;off&#8220; button_border_width__hover_enabled=&#8220;off&#8220; button_one_border_width__hover_enabled=&#8220;off&#8220; button_two_border_width__hover_enabled=&#8220;off&#8220; button_border_color__hover_enabled=&#8220;off&#8220; button_one_border_color__hover_enabled=&#8220;off&#8220; button_two_border_color__hover_enabled=&#8220;off&#8220; button_border_radius__hover_enabled=&#8220;on&#8220; button_border_radius__hover=&#8220;0px&#8220; button_one_border_radius__hover_enabled=&#8220;off&#8220; button_two_border_radius__hover_enabled=&#8220;off&#8220; button_letter_spacing__hover_enabled=&#8220;on&#8220; button_letter_spacing__hover=&#8220;0px&#8220; button_one_letter_spacing__hover_enabled=&#8220;off&#8220; button_two_letter_spacing__hover_enabled=&#8220;off&#8220; button_bg_color__hover_enabled=&#8220;off&#8220; button_one_bg_color__hover_enabled=&#8220;off&#8220; button_two_bg_color__hover_enabled=&#8220;off&#8220;][\/et_pb_button][\/et_pb_column][et_pb_column type=&#8220;1_2&#8243; _builder_version=&#8220;3.25&#8243; custom_padding=&#8220;|||&#8220; custom_padding__hover=&#8220;|||&#8220;][et_pb_text _builder_version=&#8220;3.27.4&#8243;]<\/p>\n<h2>Kontakt<\/h2>\n<p>[\/et_pb_text][et_pb_divider color=&#8220;rgba(0,0,0,0.16)&#8220; _builder_version=&#8220;3.8&#8243; custom_margin=&#8220;-18px||-5px|&#8220;][\/et_pb_divider][et_pb_blurb use_icon=&#8220;on&#8220; font_icon=&#8220;%%249%%&#8220; icon_color=&#8220;#1e1e1e&#8220; icon_placement=&#8220;left&#8220; use_icon_font_size=&#8220;on&#8220; icon_font_size=&#8220;50px&#8220; module_class=&#8220;vertical-align-blurb&#8220; _builder_version=&#8220;3.8&#8243; body_font=&#8220;||||||||&#8220; body_text_color=&#8220;#1e1e1e&#8220; body_font_size=&#8220;16px&#8220;]<\/p>\n<p>Ruhrbad<br \/>Sandweg 4<br \/>45739 Oer-Erkenschwick<\/p>\n<p>[\/et_pb_blurb][et_pb_divider color=&#8220;rgba(0,0,0,0.16)&#8220; _builder_version=&#8220;3.8&#8243; custom_margin=&#8220;-18px||-5px|&#8220;][\/et_pb_divider][et_pb_blurb use_icon=&#8220;on&#8220; font_icon=&#8220;%%264%%&#8220; icon_color=&#8220;#1e1e1e&#8220; icon_placement=&#8220;left&#8220; use_icon_font_size=&#8220;on&#8220; icon_font_size=&#8220;50px&#8220; module_class=&#8220;vertical-align-blurb&#8220; _builder_version=&#8220;3.8&#8243; body_font=&#8220;||||||||&#8220; body_text_color=&#8220;#1e1e1e&#8220; body_font_size=&#8220;16px&#8220;]<\/p>\n<p>02368-69997899<\/p>\n<p>[\/et_pb_blurb][et_pb_divider color=&#8220;rgba(0,0,0,0.16)&#8220; _builder_version=&#8220;3.8&#8243; custom_margin=&#8220;-18px||-5px|&#8220;][\/et_pb_divider][et_pb_blurb use_icon=&#8220;on&#8220; font_icon=&#8220;%%238%%&#8220; icon_color=&#8220;#1e1e1e&#8220; icon_placement=&#8220;left&#8220; use_icon_font_size=&#8220;on&#8220; icon_font_size=&#8220;50px&#8220; module_class=&#8220;vertical-align-blurb&#8220; _builder_version=&#8220;3.8&#8243; body_font=&#8220;||||||||&#8220; body_text_color=&#8220;#1e1e1e&#8220; body_font_size=&#8220;16px&#8220;]<\/p>\n<p>info@ruhrbad.de<\/p>\n<p>[\/et_pb_blurb][et_pb_divider color=&#8220;rgba(0,0,0,0.16)&#8220; _builder_version=&#8220;3.8&#8243; custom_margin=&#8220;-18px||-5px|&#8220;][\/et_pb_divider][\/et_pb_column][\/et_pb_row][\/et_pb_section]<\/p>\n","protected":false},"excerpt":{"rendered":"<p>Startseite \/ Unsere LeistungenUnsere Leistungen\u00a0 Als Ihr Handwerk und Handel f\u00fcr Heizung, Sanit\u00e4r und Fliesen bieten wir Ihnen neben 3D Badplanung auch kaufm\u00e4nnische Dienstleistungen f\u00fcr Handwerksbetriebe. Dienstleister f\u00fcr Handwerksbetriebe Sie sehen Ihre Kernkompetenz in der Montage und Installation oder finden aufgrund Ihrer guten Auftragslage kaum Zeit f\u00fcr Kundengespr\u00e4che, wollen Ihren Kunden aber dennoch eine erstklassige [&hellip;]<\/p>\n","protected":false},"author":1,"featured_media":0,"parent":0,"menu_order":0,"comment_status":"closed","ping_status":"closed","template":"","meta":{"_et_pb_use_builder":"on","_et_pb_old_content":"","_et_gb_content_width":"","footnotes":""},"_links":{"self":[{"href":"http:\/\/flex-now.de\/rb\/wp-json\/wp\/v2\/pages\/52"}],"collection":[{"href":"http:\/\/flex-now.de\/rb\/wp-json\/wp\/v2\/pages"}],"about":[{"href":"http:\/\/flex-now.de\/rb\/wp-json\/wp\/v2\/types\/page"}],"author":[{"embeddable":true,"href":"http:\/\/flex-now.de\/rb\/wp-json\/wp\/v2\/users\/1"}],"replies":[{"embeddable":true,"href":"http:\/\/flex-now.de\/rb\/wp-json\/wp\/v2\/comments?post=52"}],"version-history":[{"count":10,"href":"http:\/\/flex-now.de\/rb\/wp-json\/wp\/v2\/pages\/52\/revisions"}],"predecessor-version":[{"id":25043,"href":"http:\/\/flex-now.de\/rb\/wp-json\/wp\/v2\/pages\/52\/revisions\/25043"}],"wp:attachment":[{"href":"http:\/\/flex-now.de\/rb\/wp-json\/wp\/v2\/media?parent=52"}],"curies":[{"name":"wp","href":"https:\/\/api.w.org\/{rel}","templated":true}]}}